{"id":16,"date":"2024-11-01T16:47:05","date_gmt":"2024-11-01T16:47:05","guid":{"rendered":"https:\/\/moritz.creative-collective.de\/?page_id=16"},"modified":"2024-12-17T20:01:23","modified_gmt":"2024-12-17T20:01:23","slug":"wolkenhain","status":"publish","type":"page","link":"https:\/\/moritz.creative-collective.de\/?page_id=16","title":{"rendered":"Wolkenhain"},"content":{"rendered":"\n<div class=\"wp-block-group\"><div class=\"wp-block-group__inner-container is-layout-constrained wp-block-group-is-layout-constrained\">\n<h2 class=\"wp-block-heading seiten-heading\">Wolkenhain<\/h2>\n\n\n<p class=\"seiten-subheading wp-block-site-tagline\">Unter\u00fcberschrift<\/p><\/div><\/div>\n\n\n\n<div class=\"wp-block-group cover-group\"><div class=\"wp-block-group__inner-container is-layout-constrained wp-block-group-is-layout-constrained\">\n<div class=\"wp-block-cover cover wp-duotone-unset-1\" style=\"min-height:668px;aspect-ratio:unset;\"><span aria-hidden=\"true\" class=\"wp-block-cover__background has-background-dim-0 has-background-dim\" style=\"background-color:#33486c\"><\/span><img loading=\"lazy\" decoding=\"async\" width=\"600\" height=\"450\" class=\"wp-block-cover__image-background wp-image-284\" alt=\"\" src=\"https:\/\/moritz.creative-collective.de\/wp-content\/uploads\/2024\/11\/wolkenhain_2_thumbnail.jpg\" style=\"object-position:49% 62%\" data-object-fit=\"cover\" data-object-position=\"49% 62%\" srcset=\"https:\/\/moritz.creative-collective.de\/wp-content\/uploads\/2024\/11\/wolkenhain_2_thumbnail.jpg 600w, https:\/\/moritz.creative-collective.de\/wp-content\/uploads\/2024\/11\/wolkenhain_2_thumbnail-300x225.jpg 300w\" sizes=\"auto, (max-width: 600px) 100vw, 600px\" \/><div class=\"wp-block-cover__inner-container is-layout-constrained wp-block-cover-is-layout-constrained\">\n<p class=\"has-text-align-center has-large-font-size\"><\/p>\n<\/div><\/div>\n<\/div><\/div>\n\n\n\n<div style=\"height:100px\" aria-hidden=\"true\" class=\"wp-block-spacer\"><\/div>\n\n\n\n<div class=\"wp-block-group\"><div class=\"wp-block-group__inner-container is-layout-constrained wp-block-group-is-layout-constrained\">\n<div class=\"wp-block-columns is-layout-flex wp-container-core-columns-is-layout-9d6595d7 wp-block-columns-is-layout-flex\">\n<div class=\"wp-block-column is-layout-flow wp-block-column-is-layout-flow\">\n<div class=\"wp-block-group stapel-left is-vertical is-layout-flex wp-container-core-group-is-layout-8cf370e7 wp-block-group-is-layout-flex\">\n<figure class=\"wp-block-image size-full is-resized\"><img loading=\"lazy\" decoding=\"async\" width=\"600\" height=\"450\" src=\"https:\/\/moritz.creative-collective.de\/wp-content\/uploads\/2024\/11\/wolkenhain_thumbnail.jpg\" alt=\"\" class=\"wp-image-285\" style=\"width:405px;height:auto\" srcset=\"https:\/\/moritz.creative-collective.de\/wp-content\/uploads\/2024\/11\/wolkenhain_thumbnail.jpg 600w, https:\/\/moritz.creative-collective.de\/wp-content\/uploads\/2024\/11\/wolkenhain_thumbnail-300x225.jpg 300w\" sizes=\"auto, (max-width: 600px) 100vw, 600px\" \/><\/figure>\n\n\n\n<div style=\"height:50px\" aria-hidden=\"true\" class=\"wp-block-spacer wp-container-content-b30579f5\"><\/div>\n\n\n\n<figure class=\"wp-block-table is-style-stripes\"><table class=\"has-fixed-layout\"><tbody><tr><td><strong>Daten<\/strong><\/td><td><\/td><\/tr><tr><td>Ort:<\/td><td>Berlin Marzahn, Kienberg<\/td><\/tr><tr><td>Architekten:<\/td><td>Kolb-Ripke Gesellschaft von Architekten mbH<\/td><\/tr><tr><td>Planungs- und Bauzeit:<\/td><td>1. Preis WB 11\/2013 &#8211; Fertigstellung 2017<\/td><\/tr><tr><td>Auftraggeber:<\/td><td>Gr\u00fcn Berlin GmbH<\/td><\/tr><tr><td>Nutzung:<\/td><td>Aussichtsgeb\u00e4ude \/ Restaurant<\/td><\/tr><tr><td>Baukosten:<\/td><td>3.10mio \u20ac<\/td><\/tr><tr><td>Planungspartner:<\/td><td>geskes.hack landschaftsarchitekten VIC Planen und Beraten GmbH, Potsdam<br><br><\/td><\/tr><tr><td>Beitrag:<\/td><td>Tragwerksentwicklung, Ausf\u00fchrungsplanung und Erstellung des kompletten 3D-Modelles f\u00fcr Kolb-Ripke Architekten<\/td><\/tr><\/tbody><\/table><\/figure>\n<\/div>\n<\/div>\n\n\n\n<div class=\"wp-block-column is-layout-flow wp-block-column-is-layout-flow\">\n<div class=\"wp-block-group is-vertical is-content-justification-left is-layout-flex wp-container-core-group-is-layout-c0ca7d81 wp-block-group-is-layout-flex\">\n<h4 class=\"wp-block-heading seiten-content-heading\">Entwurf<\/h4>\n\n\n\n<p class=\"has-text-align-left content\">Der Kienberg stellt das Zentrum und den Orientierungspunkt f\u00fcr das gesamte Areal der IGA dar. Er ist als stadtr\u00e4umliche Marke bedeutend. Mit 102m \u00fc. NN er\u00f6ffnen sich von ihm weite Panoramen von Marzahn-Hellersdorf, der Blick reicht sogar bis ins Berliner Zentrum. Knapp \u00fcber den Wipfeln des Baumbestands schwebend, inszeniert der \u201eWolkenhain\u201c den freien Blick losgel\u00f6st von der vertrauten Wahrnehmung als weites Panorama \u00fcber die Landschaft. Die \u201eWolke\u201c als Metapher stellt den Hintergrund f\u00fcr vielf\u00e4ltige Assoziationen aus, die den Kienberg in seiner Bedeutung auch inhaltlich \u00fcberh\u00f6hen. Sie schafft zusammen mit dem Kienberg eine neue, weithin erkennbare Landmarke, die untrennbar mit dem Ort verbunden wird.<\/p>\n\n\n\n<figure class=\"wp-block-image size-full is-resized\"><img loading=\"lazy\" decoding=\"async\" width=\"312\" height=\"272\" src=\"https:\/\/moritz.creative-collective.de\/wp-content\/uploads\/2024\/11\/wolkenhain-3.jpg\" alt=\"\" class=\"wp-image-292\" style=\"width:407px;height:auto\" srcset=\"https:\/\/moritz.creative-collective.de\/wp-content\/uploads\/2024\/11\/wolkenhain-3.jpg 312w, https:\/\/moritz.creative-collective.de\/wp-content\/uploads\/2024\/11\/wolkenhain-3-300x262.jpg 300w\" sizes=\"auto, (max-width: 312px) 100vw, 312px\" \/><\/figure>\n<\/div>\n<\/div>\n<\/div>\n\n\n\n<div style=\"height:50px\" aria-hidden=\"true\" class=\"wp-block-spacer\"><\/div>\n<\/div><\/div>\n\n\n\n<div class=\"wp-block-group\"><div class=\"wp-block-group__inner-container is-layout-constrained wp-block-group-is-layout-constrained\">\n<h4 class=\"wp-block-heading seiten-content-heading\">Konstruktion<\/h4>\n\n\n\n<p class=\"has-text-align-left content\">Die \u201eWolke\u201c wird aus einem polygonalen Raumtragwerk aus Stahl gebildet, das mit einer wei\u00dfen, transluzenten Membran aus silikonbeschichtetem Glasfasergewebe \u00fcberzogen ist. Nachts kann sie von innen heraus dezent leuchten. Sie wird zu einem schwebenden Lichtobjekt, das eine besondere Atmosph\u00e4re \u00fcber dem Kienberg schafft. In der D\u00e4mmerung bzw. in der Nacht k\u00f6nnen unterschiedliche Farbstimmungen erzeugt werden. Eine spezielle Steuerung erm\u00f6glicht die Ansteuerung aller 90 Anbauleuchten, die mit RGBW-LED\u00b4s best\u00fcckt sind.Die \u201eWolke\u201c ruht auf schlanken Stahlst\u00fctzen, die unregelm\u00e4\u00dfig angeordnetsind, wie bei einem Baumhain, an den sie erinnern sollen. Zwei eng beieinander liegende St\u00fctzengruppen sind statisch wirksam durch Fachwerkverb\u00e4nde verbunden. Gemeinsam mit dem Aufzug bilden sie die horizontale Stabilisierung der \u201eWolke\u201c. Der Aufzugsschacht erh\u00e4lt eine Verkleidung aus wei\u00dfen Polykarbonat-Stegplatten als Wetterschutz.Unter dem Plateau, die Gel\u00e4ndemodellierung nutzend, ist als Basisgeb\u00e4ude der Besucherservice mit Restaurant und Informationsbereich angeordnet. Eine Treppenanlage aus Gitterroststufen f\u00fchrt in wechselnden Richtungen auf die \u201eWolke\u201c.<\/p>\n<\/div><\/div>\n\n\n\n<div style=\"height:50px\" aria-hidden=\"true\" class=\"wp-block-spacer\"><\/div>\n\n\n\n<div class=\"wp-block-group\"><div class=\"wp-block-group__inner-container is-layout-constrained wp-block-group-is-layout-constrained\">\n<div class=\"wp-block-columns is-layout-flex wp-container-core-columns-is-layout-9d6595d7 wp-block-columns-is-layout-flex\">\n<div class=\"wp-block-column is-layout-flow wp-block-column-is-layout-flow\">\n<figure class=\"wp-block-image size-full is-resized\"><img loading=\"lazy\" decoding=\"async\" width=\"341\" height=\"220\" src=\"https:\/\/moritz.creative-collective.de\/wp-content\/uploads\/2024\/11\/wolkenhain-4.jpg\" alt=\"\" class=\"wp-image-296\" style=\"width:274px;height:auto\" srcset=\"https:\/\/moritz.creative-collective.de\/wp-content\/uploads\/2024\/11\/wolkenhain-4.jpg 341w, https:\/\/moritz.creative-collective.de\/wp-content\/uploads\/2024\/11\/wolkenhain-4-300x194.jpg 300w\" sizes=\"auto, (max-width: 341px) 100vw, 341px\" \/><\/figure>\n<\/div>\n\n\n\n<div class=\"wp-block-column is-layout-flow wp-block-column-is-layout-flow\">\n<figure class=\"wp-block-image size-full is-resized\"><img loading=\"lazy\" decoding=\"async\" width=\"337\" height=\"243\" src=\"https:\/\/moritz.creative-collective.de\/wp-content\/uploads\/2024\/11\/wolkenhain-5.jpg\" alt=\"\" class=\"wp-image-297\" style=\"width:275px;height:auto\" srcset=\"https:\/\/moritz.creative-collective.de\/wp-content\/uploads\/2024\/11\/wolkenhain-5.jpg 337w, https:\/\/moritz.creative-collective.de\/wp-content\/uploads\/2024\/11\/wolkenhain-5-300x216.jpg 300w\" sizes=\"auto, (max-width: 337px) 100vw, 337px\" \/><\/figure>\n<\/div>\n\n\n\n<div class=\"wp-block-column is-layout-flow wp-block-column-is-layout-flow\">\n<figure class=\"wp-block-image size-full is-resized\"><img loading=\"lazy\" decoding=\"async\" width=\"167\" height=\"231\" src=\"https:\/\/moritz.creative-collective.de\/wp-content\/uploads\/2024\/11\/wolkenhain-6.jpg\" alt=\"\" class=\"wp-image-299\" style=\"width:274px;height:auto\"\/><\/figure>\n<\/div>\n<\/div>\n<\/div><\/div>\n\n\n\n<div style=\"height:50px\" aria-hidden=\"true\" class=\"wp-block-spacer\"><\/div>\n\n\n\n<div class=\"wp-block-group\"><div class=\"wp-block-group__inner-container is-layout-constrained wp-block-group-is-layout-constrained\">\n<p class=\"content\">Eine besondere Herausforderung war die Planung des Raumtragwerks der \u201eWolke\u201c. Hunderte von Rundrohrprofilen sind in 160 Knotenpunkten zusammengef\u00fchrt und verschwei\u00dft worden. Das Raumtragwerk baut auf Dreiecken auf, die die unregelm\u00e4\u00dfige Form der \u201eWolke\u201c abbilden. Daraus resultieren Verbindungspunkte, die nie in gleichen Winkeln aufeinander sto\u00dfen. Um diese r\u00e4umlich hoch komplexe Aufgabe gestalterisch und in der Ausf\u00fchrung zu bew\u00e4ltigen, wurde bereits beginnend im Vorentwurf das Projekt komplett in 3-D entwickelt und auch die Ausf\u00fchrungsplanung in 3-D \u00fcbergeben.<br><\/p>\n<\/div><\/div>\n\n\n\n<div style=\"height:50px\" aria-hidden=\"true\" class=\"wp-block-spacer\"><\/div>\n","protected":false},"excerpt":{"rendered":"<p>Wolkenhain Daten Ort: Berlin Marzahn, Kienberg Architekten: Kolb-Ripke Gesellschaft von Architekten mbH Planungs- und Bauzeit: 1. Preis WB 11\/2013 &#8211; Fertigstellung 2017 Auftraggeber: Gr\u00fcn Berlin GmbH Nutzung: Aussichtsgeb\u00e4ude \/ Restaurant Baukosten: 3.10mio \u20ac Planungspartner: geskes.hack landschaftsarchitekten VIC Planen und Beraten GmbH, Potsdam Beitrag: Tragwerksentwicklung, Ausf\u00fchrungsplanung und Erstellung des kompletten 3D-Modelles f\u00fcr Kolb-Ripke Architekten Entwurf Der [&hellip;]<\/p>\n","protected":false},"author":1,"featured_media":90,"parent":14,"menu_order":0,"comment_status":"closed","ping_status":"closed","template":"","meta":{"footnotes":""},"class_list":["post-16","page","type-page","status-publish","has-post-thumbnail","hentry"],"_links":{"self":[{"href":"https:\/\/moritz.creative-collective.de\/index.php?rest_route=\/wp\/v2\/pages\/16","targetHints":{"allow":["GET"]}}],"collection":[{"href":"https:\/\/moritz.creative-collective.de\/index.php?rest_route=\/wp\/v2\/pages"}],"about":[{"href":"https:\/\/moritz.creative-collective.de\/index.php?rest_route=\/wp\/v2\/types\/page"}],"author":[{"embeddable":true,"href":"https:\/\/moritz.creative-collective.de\/index.php?rest_route=\/wp\/v2\/users\/1"}],"replies":[{"embeddable":true,"href":"https:\/\/moritz.creative-collective.de\/index.php?rest_route=%2Fwp%2Fv2%2Fcomments&post=16"}],"version-history":[{"count":28,"href":"https:\/\/moritz.creative-collective.de\/index.php?rest_route=\/wp\/v2\/pages\/16\/revisions"}],"predecessor-version":[{"id":460,"href":"https:\/\/moritz.creative-collective.de\/index.php?rest_route=\/wp\/v2\/pages\/16\/revisions\/460"}],"up":[{"embeddable":true,"href":"https:\/\/moritz.creative-collective.de\/index.php?rest_route=\/wp\/v2\/pages\/14"}],"wp:featuredmedia":[{"embeddable":true,"href":"https:\/\/moritz.creative-collective.de\/index.php?rest_route=\/wp\/v2\/media\/90"}],"wp:attachment":[{"href":"https:\/\/moritz.creative-collective.de\/index.php?rest_route=%2Fwp%2Fv2%2Fmedia&parent=16"}],"curies":[{"name":"wp","href":"https:\/\/api.w.org\/{rel}","templated":true}]}}