{"id":18,"date":"2024-11-01T16:47:28","date_gmt":"2024-11-01T16:47:28","guid":{"rendered":"https:\/\/moritz.creative-collective.de\/?page_id=18"},"modified":"2024-12-17T19:59:45","modified_gmt":"2024-12-17T19:59:45","slug":"gaenstorbruecke","status":"publish","type":"page","link":"https:\/\/moritz.creative-collective.de\/?page_id=18","title":{"rendered":"G\u00e4nstorbr\u00fccke Ulm"},"content":{"rendered":"\n<div class=\"wp-block-group\"><div class=\"wp-block-group__inner-container is-layout-constrained wp-block-group-is-layout-constrained\">\n<h2 class=\"wp-block-heading seiten-heading\">G\u00e4nstorbr\u00fccke Ulm<\/h2>\n\n\n<p class=\"seiten-subheading wp-block-site-tagline\">Unter\u00fcberschrift<\/p><\/div><\/div>\n\n\n\n<div class=\"wp-block-group cover-group\"><div class=\"wp-block-group__inner-container is-layout-constrained wp-block-group-is-layout-constrained\">\n<div class=\"wp-block-cover is-light cover\" style=\"min-height:614px;aspect-ratio:unset;\"><span aria-hidden=\"true\" class=\"wp-block-cover__background has-background-dim-0 has-background-dim\" style=\"background-color:#9c9c9c\"><\/span><img loading=\"lazy\" decoding=\"async\" width=\"600\" height=\"450\" class=\"wp-block-cover__image-background wp-image-85\" alt=\"\" src=\"https:\/\/moritz.creative-collective.de\/wp-content\/uploads\/2024\/11\/ganstor.jpg\" data-object-fit=\"cover\" srcset=\"https:\/\/moritz.creative-collective.de\/wp-content\/uploads\/2024\/11\/ganstor.jpg 600w, https:\/\/moritz.creative-collective.de\/wp-content\/uploads\/2024\/11\/ganstor-300x225.jpg 300w\" sizes=\"auto, (max-width: 600px) 100vw, 600px\" \/><div class=\"wp-block-cover__inner-container is-layout-constrained wp-block-cover-is-layout-constrained\">\n<p class=\"has-text-align-center has-large-font-size\"><\/p>\n<\/div><\/div>\n<\/div><\/div>\n\n\n\n<div style=\"height:100px\" aria-hidden=\"true\" class=\"wp-block-spacer\"><\/div>\n\n\n\n<div class=\"wp-block-group\"><div class=\"wp-block-group__inner-container is-layout-constrained wp-block-group-is-layout-constrained\">\n<div class=\"wp-block-columns is-layout-flex wp-container-core-columns-is-layout-9d6595d7 wp-block-columns-is-layout-flex\">\n<div class=\"wp-block-column is-vertically-aligned-center is-layout-flow wp-block-column-is-layout-flow\" style=\"flex-basis:33.33%\"><\/div>\n\n\n\n<div class=\"wp-block-column is-layout-flow wp-block-column-is-layout-flow\" style=\"flex-basis:66.66%\"><\/div>\n<\/div>\n<\/div><\/div>\n\n\n\n<div class=\"wp-block-group\"><div class=\"wp-block-group__inner-container is-layout-constrained wp-block-group-is-layout-constrained\">\n<h4 class=\"wp-block-heading seiten-content-heading\">Entwurf<\/h4>\n\n\n\n<p class=\"content\">Die bestehende G\u00e4nstorbr\u00fccke von Ulrich Finsterwalder ist eine der ersten Spannbetonbr\u00fccken Deutschlands. Sie spiegelt den Geist des \u201eWirtschaftswunders\u201c, den Glauben an technische L\u00f6sungen, Zukunftsvertrauen durch Einsatz neuester Techniken und Materialien wider. Sie ist inzwischen so bauf\u00e4llig geworden, dass eine Instandsetzung unm\u00f6glich ist. Der Entwurf f\u00fcr die neue G\u00e4nstorbr\u00fccke nimmt konzeptionelle und formale Elemente der \u201eFinsterwalderbr\u00fccke\u201c auf und \u00fcbersetzt sie entsprechend den ver\u00e4nderten Anforderungen in einen neuen Entwurf.<\/p>\n\n\n\n<div style=\"height:50px\" aria-hidden=\"true\" class=\"wp-block-spacer\"><\/div>\n\n\n\n<div class=\"wp-block-columns is-layout-flex wp-container-core-columns-is-layout-9d6595d7 wp-block-columns-is-layout-flex\">\n<div class=\"wp-block-column is-layout-flow wp-block-column-is-layout-flow\">\n<div class=\"wp-block-group stapel-left is-vertical is-layout-flex wp-container-core-group-is-layout-8cf370e7 wp-block-group-is-layout-flex\">\n<figure class=\"wp-block-image size-large is-resized\"><img loading=\"lazy\" decoding=\"async\" width=\"1024\" height=\"768\" src=\"https:\/\/moritz.creative-collective.de\/wp-content\/uploads\/2024\/11\/ganstor-2-1024x768.jpg\" alt=\"\" class=\"wp-image-183\" style=\"width:411px;height:auto\" srcset=\"https:\/\/moritz.creative-collective.de\/wp-content\/uploads\/2024\/11\/ganstor-2-1024x768.jpg 1024w, https:\/\/moritz.creative-collective.de\/wp-content\/uploads\/2024\/11\/ganstor-2-300x225.jpg 300w, https:\/\/moritz.creative-collective.de\/wp-content\/uploads\/2024\/11\/ganstor-2-768x576.jpg 768w, https:\/\/moritz.creative-collective.de\/wp-content\/uploads\/2024\/11\/ganstor-2-1536x1152.jpg 1536w, https:\/\/moritz.creative-collective.de\/wp-content\/uploads\/2024\/11\/ganstor-2-2048x1536.jpg 2048w\" sizes=\"auto, (max-width: 1024px) 100vw, 1024px\" \/><\/figure>\n\n\n\n<div style=\"height:20px\" aria-hidden=\"true\" class=\"wp-block-spacer wp-container-content-62aae154\"><\/div>\n\n\n\n<figure class=\"wp-block-image size-full is-resized\"><img loading=\"lazy\" decoding=\"async\" width=\"600\" height=\"450\" src=\"https:\/\/moritz.creative-collective.de\/wp-content\/uploads\/2024\/11\/bruecke_thumbnail.jpg\" alt=\"\" class=\"wp-image-191\" style=\"width:409px;height:auto\" srcset=\"https:\/\/moritz.creative-collective.de\/wp-content\/uploads\/2024\/11\/bruecke_thumbnail.jpg 600w, https:\/\/moritz.creative-collective.de\/wp-content\/uploads\/2024\/11\/bruecke_thumbnail-300x225.jpg 300w\" sizes=\"auto, (max-width: 600px) 100vw, 600px\" \/><\/figure>\n<\/div>\n<\/div>\n\n\n\n<div class=\"wp-block-column is-layout-flow wp-block-column-is-layout-flow\">\n<figure class=\"wp-block-table is-style-stripes\"><table class=\"has-fixed-layout\"><tbody><tr><td><strong>Daten<\/strong><\/td><td><\/td><\/tr><tr><td>Ort: <\/td><td>Dounauquerung Ulm \/ Neu-Ulm<\/td><\/tr><tr><td>Architekten:<\/td><td>Kolb-Ripke Gesellschaft von Architekten mbH<\/td><\/tr><tr><td>Planungs- und Bauzeit:<\/td><td>1. Preis WB 02\/2020<\/td><\/tr><tr><td>Auftraggeber:<\/td><td>Stadt Ulm<\/td><\/tr><tr><td>Nutzung:<\/td><td>Stra\u00dfenbr\u00fccke<\/td><\/tr><tr><td>Baukosten:<\/td><td>ca. 32mio \u20ac<\/td><\/tr><tr><td>Planungspartner:<\/td><td>Kl\u00e4hne BUNG Ingenieure BUNG AG<\/td><\/tr><tr><td>Beitrag: <\/td><td>Leitung des Wettbewerbs Projektleitung Objektplanung LP 1-5<\/td><\/tr><\/tbody><\/table><\/figure>\n<\/div>\n<\/div>\n<\/div><\/div>\n\n\n\n<div style=\"height:50px\" aria-hidden=\"true\" class=\"wp-block-spacer\"><\/div>\n\n\n\n<div class=\"wp-block-group\"><div class=\"wp-block-group__inner-container is-layout-constrained wp-block-group-is-layout-constrained\">\n<h4 class=\"wp-block-heading seiten-content-heading\">Konstruktion<\/h4>\n\n\n\n<p class=\"content\">Die neue Br\u00fccke sieht einen plastisch ausformulierten und in einem extrem flachen Bogen gef\u00fchrten Stahlhohlkasten vor \u2013 ein \u201ezur\u00fcckhaltender aber sehr eleganter Br\u00fcckenentwurf\u201c wie die Jury geurteilt hat. Das Tragsystem des eingespannten Rahmens wird \u00fcbernommen und die Durchfahrtsh\u00f6hen f\u00fcr Radfahrer durch eine gr\u00f6\u00dfere Schlankheit am Widerlagerverbessert. Auch die noch vorhandenen Widerlager-\/Bastionsw\u00e4nde der 1. G\u00e4nstorbr\u00fccke von 1912 werden beibehalten. Mit diesen Ans\u00e4tzen, bauliche Relikte, \u00dcbernahme der Konstruktionsgedanken und innovativem Ingenieurgeist wird ein neues Br\u00fcckenbauwerk geschaffen, das Ort und Geschichte nicht negiert, sondern fortschreibt.<\/p>\n<\/div><\/div>\n\n\n\n<div class=\"wp-block-group\"><div class=\"wp-block-group__inner-container is-layout-constrained wp-block-group-is-layout-constrained\"><\/div><\/div>\n\n\n\n<div style=\"height:50px\" aria-hidden=\"true\" class=\"wp-block-spacer\"><\/div>\n\n\n\n<div class=\"wp-block-group\"><div class=\"wp-block-group__inner-container is-layout-constrained wp-block-group-is-layout-constrained\">\n<div class=\"wp-block-cover is-light\" style=\"min-height:380px;aspect-ratio:unset;\"><span aria-hidden=\"true\" class=\"wp-block-cover__background has-background-dim-0 has-background-dim\" style=\"background-color:#ededed\"><\/span><img loading=\"lazy\" decoding=\"async\" width=\"1626\" height=\"702\" class=\"wp-block-cover__image-background wp-image-407\" alt=\"\" src=\"https:\/\/moritz.creative-collective.de\/wp-content\/uploads\/2024\/11\/ganstor-skizze-2.jpg\" data-object-fit=\"cover\" srcset=\"https:\/\/moritz.creative-collective.de\/wp-content\/uploads\/2024\/11\/ganstor-skizze-2.jpg 1626w, https:\/\/moritz.creative-collective.de\/wp-content\/uploads\/2024\/11\/ganstor-skizze-2-300x130.jpg 300w, https:\/\/moritz.creative-collective.de\/wp-content\/uploads\/2024\/11\/ganstor-skizze-2-1024x442.jpg 1024w, https:\/\/moritz.creative-collective.de\/wp-content\/uploads\/2024\/11\/ganstor-skizze-2-768x332.jpg 768w, https:\/\/moritz.creative-collective.de\/wp-content\/uploads\/2024\/11\/ganstor-skizze-2-1536x663.jpg 1536w\" sizes=\"auto, (max-width: 1626px) 100vw, 1626px\" \/><div class=\"wp-block-cover__inner-container is-layout-constrained wp-block-cover-is-layout-constrained\">\n<p class=\"has-text-align-center has-large-font-size\"><\/p>\n<\/div><\/div>\n\n\n\n<div style=\"height:50px\" aria-hidden=\"true\" class=\"wp-block-spacer\"><\/div>\n\n\n\n<div class=\"wp-block-columns is-layout-flex wp-container-core-columns-is-layout-9d6595d7 wp-block-columns-is-layout-flex\">\n<div class=\"wp-block-column is-layout-flow wp-block-column-is-layout-flow\" style=\"flex-basis:50%\">\n<p class=\"content\">Der Abbruch der G\u00e4nstorbr\u00fccke stellt eine der gr\u00f6\u00dften Herausforderungen dar. W\u00e4hrend des Abbruchs des Bestandsbauwerkes ist ein zweispuriger Verkehr aufrechtzuerhalten.Dies bedeutet, dass immer ein \u00dcberbau in Nutzung bleiben wird (sowohl Bestandsbauwerk und Ersatzneubau bestehen aus zwei \u00dcberbauten). Aus diesem Grund wird zun\u00e4chst der westliche \u00dcberbau abgebrochen und dessen Ersatzneubau errichtet. In dieser Zeit bleibt der unterstromige, \u00f6stliche \u00dcberbau in Nutzung. Anschlie\u00dfend wird der Verkehr auf den Ersatzneubau umgelegt und es erfolgt der Abbruch des verbleibenden Bestands\u00fcberbaus und die Errichtung des \u00f6stlichen Ersatzneubaus.<\/p>\n<\/div>\n\n\n\n<div class=\"wp-block-column is-layout-flow wp-block-column-is-layout-flow\" style=\"flex-basis:33.33%\">\n<figure class=\"wp-block-image size-full is-resized\"><img loading=\"lazy\" decoding=\"async\" width=\"282\" height=\"347\" src=\"https:\/\/moritz.creative-collective.de\/wp-content\/uploads\/2024\/11\/ganstor-skizze.jpg\" alt=\"\" class=\"wp-image-214\" style=\"width:280px;height:auto\" srcset=\"https:\/\/moritz.creative-collective.de\/wp-content\/uploads\/2024\/11\/ganstor-skizze.jpg 282w, https:\/\/moritz.creative-collective.de\/wp-content\/uploads\/2024\/11\/ganstor-skizze-244x300.jpg 244w\" sizes=\"auto, (max-width: 282px) 100vw, 282px\" \/><\/figure>\n<\/div>\n<\/div>\n<\/div><\/div>\n","protected":false},"excerpt":{"rendered":"<p>G\u00e4nstorbr\u00fccke Ulm Entwurf Die bestehende G\u00e4nstorbr\u00fccke von Ulrich Finsterwalder ist eine der ersten Spannbetonbr\u00fccken Deutschlands. Sie spiegelt den Geist des \u201eWirtschaftswunders\u201c, den Glauben an technische L\u00f6sungen, Zukunftsvertrauen durch Einsatz neuester Techniken und Materialien wider. Sie ist inzwischen so bauf\u00e4llig geworden, dass eine Instandsetzung unm\u00f6glich ist. Der Entwurf f\u00fcr die neue G\u00e4nstorbr\u00fccke nimmt konzeptionelle und formale [&hellip;]<\/p>\n","protected":false},"author":1,"featured_media":85,"parent":14,"menu_order":0,"comment_status":"closed","ping_status":"closed","template":"","meta":{"footnotes":""},"class_list":["post-18","page","type-page","status-publish","has-post-thumbnail","hentry"],"_links":{"self":[{"href":"https:\/\/moritz.creative-collective.de\/index.php?rest_route=\/wp\/v2\/pages\/18","targetHints":{"allow":["GET"]}}],"collection":[{"href":"https:\/\/moritz.creative-collective.de\/index.php?rest_route=\/wp\/v2\/pages"}],"about":[{"href":"https:\/\/moritz.creative-collective.de\/index.php?rest_route=\/wp\/v2\/types\/page"}],"author":[{"embeddable":true,"href":"https:\/\/moritz.creative-collective.de\/index.php?rest_route=\/wp\/v2\/users\/1"}],"replies":[{"embeddable":true,"href":"https:\/\/moritz.creative-collective.de\/index.php?rest_route=%2Fwp%2Fv2%2Fcomments&post=18"}],"version-history":[{"count":57,"href":"https:\/\/moritz.creative-collective.de\/index.php?rest_route=\/wp\/v2\/pages\/18\/revisions"}],"predecessor-version":[{"id":458,"href":"https:\/\/moritz.creative-collective.de\/index.php?rest_route=\/wp\/v2\/pages\/18\/revisions\/458"}],"up":[{"embeddable":true,"href":"https:\/\/moritz.creative-collective.de\/index.php?rest_route=\/wp\/v2\/pages\/14"}],"wp:featuredmedia":[{"embeddable":true,"href":"https:\/\/moritz.creative-collective.de\/index.php?rest_route=\/wp\/v2\/media\/85"}],"wp:attachment":[{"href":"https:\/\/moritz.creative-collective.de\/index.php?rest_route=%2Fwp%2Fv2%2Fmedia&parent=18"}],"curies":[{"name":"wp","href":"https:\/\/api.w.org\/{rel}","templated":true}]}}