{"id":23,"date":"2024-11-01T16:48:42","date_gmt":"2024-11-01T16:48:42","guid":{"rendered":"https:\/\/moritz.creative-collective.de\/?page_id=23"},"modified":"2024-12-17T19:57:27","modified_gmt":"2024-12-17T19:57:27","slug":"echelsbacher-bruecke","status":"publish","type":"page","link":"https:\/\/moritz.creative-collective.de\/?page_id=23","title":{"rendered":"Echelsbacher Br\u00fccke"},"content":{"rendered":"\n<div class=\"wp-block-group\"><div class=\"wp-block-group__inner-container is-layout-constrained wp-block-group-is-layout-constrained\">\n<h2 class=\"wp-block-heading seiten-heading\">Echelsbacher Br\u00fccke<\/h2>\n\n\n<p class=\"seiten-subheading wp-block-site-tagline\">Unter\u00fcberschrift<\/p><\/div><\/div>\n\n\n\n<div class=\"wp-block-group cover-group\"><div class=\"wp-block-group__inner-container is-layout-constrained wp-block-group-is-layout-constrained\">\n<div class=\"wp-block-cover is-light cover\" style=\"min-height:425px;aspect-ratio:unset;\"><span aria-hidden=\"true\" class=\"wp-block-cover__background has-background-dim-0 has-background-dim\" style=\"background-color:#949990\"><\/span><img loading=\"lazy\" decoding=\"async\" width=\"600\" height=\"450\" class=\"wp-block-cover__image-background wp-image-147\" alt=\"\" src=\"https:\/\/moritz.creative-collective.de\/wp-content\/uploads\/2024\/11\/echelsbacher-1.jpg\" data-object-fit=\"cover\" srcset=\"https:\/\/moritz.creative-collective.de\/wp-content\/uploads\/2024\/11\/echelsbacher-1.jpg 600w, https:\/\/moritz.creative-collective.de\/wp-content\/uploads\/2024\/11\/echelsbacher-1-300x225.jpg 300w\" sizes=\"auto, (max-width: 600px) 100vw, 600px\" \/><div class=\"wp-block-cover__inner-container is-layout-constrained wp-block-cover-is-layout-constrained\">\n<p class=\"has-text-align-center has-large-font-size\"><\/p>\n<\/div><\/div>\n<\/div><\/div>\n\n\n\n<div style=\"height:100px\" aria-hidden=\"true\" class=\"wp-block-spacer\"><\/div>\n\n\n\n<div class=\"wp-block-group\"><div class=\"wp-block-group__inner-container is-layout-constrained wp-block-group-is-layout-constrained\">\n<h4 class=\"wp-block-heading seiten-content-heading\">Entwurf<\/h4>\n\n\n\n<p>Die Echelsbacher Br\u00fccke ist ein denkmalgesch\u00fctztes Bauwerk \u00fcber die bis zu 80 m tiefe Schlucht der Ammer. Ziel des Wettbewerbs war eine M\u00f6glichkeit zu finden den Bestandsbogen zu erhalten und eindrucksvoll die Vorteile der damals neu entwickelten Melan-Bauweise zu zeigen. Aus statischen Gesichtspunkten soll der Bogen der Bestandsbr\u00fccke nicht mehr belastet werden. Weiterhin muss eine ebenso effektive wie schonende Errichtung der Br\u00fccke mit dem Ergebniseiner im Einklang mit dem empfindlichen Naturraume gew\u00e4hrleistet werden. Ziel ist, den Fortschritt der Bautechnologie zu nutzen, um die postulierten Vorgaben zu erf\u00fcllen und die Qualit\u00e4ten der Bestandsbr\u00fccke in ein modernes Bauwerk zu \u00fcbertragen.<\/p>\n<\/div><\/div>\n\n\n\n<div style=\"height:50px\" aria-hidden=\"true\" class=\"wp-block-spacer\"><\/div>\n\n\n\n<div class=\"wp-block-columns is-layout-flex wp-container-core-columns-is-layout-9d6595d7 wp-block-columns-is-layout-flex\">\n<div class=\"wp-block-column is-layout-flow wp-block-column-is-layout-flow\">\n<div class=\"wp-block-group stapel-left is-vertical is-layout-flex wp-container-core-group-is-layout-8cf370e7 wp-block-group-is-layout-flex\">\n<figure class=\"wp-block-image size-full is-resized\"><img loading=\"lazy\" decoding=\"async\" width=\"453\" height=\"288\" src=\"https:\/\/moritz.creative-collective.de\/wp-content\/uploads\/2024\/11\/echb-land.jpg\" alt=\"\" class=\"wp-image-169\" style=\"width:418px;height:auto\" srcset=\"https:\/\/moritz.creative-collective.de\/wp-content\/uploads\/2024\/11\/echb-land.jpg 453w, https:\/\/moritz.creative-collective.de\/wp-content\/uploads\/2024\/11\/echb-land-300x191.jpg 300w\" sizes=\"auto, (max-width: 453px) 100vw, 453px\" \/><\/figure>\n\n\n\n<figure class=\"wp-block-image size-full is-resized\"><img loading=\"lazy\" decoding=\"async\" width=\"477\" height=\"352\" src=\"https:\/\/moritz.creative-collective.de\/wp-content\/uploads\/2024\/11\/ech-skizze.jpg\" alt=\"\" class=\"wp-image-177\" style=\"width:390px;height:auto\" srcset=\"https:\/\/moritz.creative-collective.de\/wp-content\/uploads\/2024\/11\/ech-skizze.jpg 477w, https:\/\/moritz.creative-collective.de\/wp-content\/uploads\/2024\/11\/ech-skizze-300x221.jpg 300w\" sizes=\"auto, (max-width: 477px) 100vw, 477px\" \/><\/figure>\n<\/div>\n<\/div>\n\n\n\n<div class=\"wp-block-column is-layout-flow wp-block-column-is-layout-flow\">\n<figure class=\"wp-block-table is-style-stripes\"><table class=\"has-fixed-layout\"><tbody><tr><td><strong>Daten<\/strong><\/td><td><\/td><\/tr><tr><td>Ort:<\/td><td>Rottenbruch, Oberbayern<\/td><\/tr><tr><td>Architekten:<\/td><td>Kolb-Ripke Gesellschaft von Architekten mbH<\/td><\/tr><tr><td>Planungs- und Bauzeit:<\/td><td>1. Preis WB 12\/2014 &#8211; 2021<\/td><\/tr><tr><td>Auftraggeber:<\/td><td>Staatliches Bauamt Weilheim<\/td><\/tr><tr><td>Nutzung:<\/td><td>Sta\u00dfenbr\u00fccke<\/td><\/tr><tr><td>Baukosten:<\/td><td>7.31mio \u20ac<\/td><\/tr><tr><td>Planungspartner:<\/td><td>Dr. Sch\u00fctz Ingenieure GmbH, KemptenNarr Rist T\u00fcrk Landschaftsarchitekte, Marzling Planungsb\u00fcro Bauen und Umwelt, Kempten<\/td><\/tr><tr><td>Beitrag:<\/td><td>Mitarbeit im Wettbewerbsteam, Erstellung des 3D Modelles<\/td><\/tr><\/tbody><\/table><\/figure>\n<\/div>\n<\/div>\n\n\n\n<div style=\"height:50px\" aria-hidden=\"true\" class=\"wp-block-spacer\"><\/div>\n\n\n\n<div class=\"wp-block-group\"><div class=\"wp-block-group__inner-container is-layout-constrained wp-block-group-is-layout-constrained\">\n<h4 class=\"wp-block-heading seiten-content-heading\">Konstruktion<\/h4>\n\n\n\n<p class=\"content\">Die gew\u00e4hlte Form des schlanken, abgesetzten Gew\u00f6lbebogens, der den Bestandsbogen sch\u00fctzend \u00fcberspannt, stellt eine optimierte Interpretation des bestehenden Tragwerks dar.Die Verschlankung und Segmentierung der Elemente in der L\u00e4ngsansicht wird durch eine ruhigere, scheibenartige Ausbildung von Bogen und St\u00fctzen in Querrichtung in Verbindung mit der aussteifenden Fahrbahnplatte erreicht. Die St\u00fctzscheiben sind konisch mit einem doppeltrapezf\u00f6rmigen Querschnitt ausgef\u00fchrt. Dies f\u00fchrt bei konstanter, schlanker Ansichtsfl\u00e4che zu einer Aufweitung des Querschnitts.<br><br>Die Idee f\u00fcr die neue Tragkonstruktion war, einen so leichten Bogen \u00fcber die bestehenden B\u00f6gen zu bauen, dass diese die Lasten im Bauzustand sicher aufnehmen k\u00f6nnen.<br><\/p>\n<\/div><\/div>\n","protected":false},"excerpt":{"rendered":"<p>Echelsbacher Br\u00fccke Entwurf Die Echelsbacher Br\u00fccke ist ein denkmalgesch\u00fctztes Bauwerk \u00fcber die bis zu 80 m tiefe Schlucht der Ammer. Ziel des Wettbewerbs war eine M\u00f6glichkeit zu finden den Bestandsbogen zu erhalten und eindrucksvoll die Vorteile der damals neu entwickelten Melan-Bauweise zu zeigen. Aus statischen Gesichtspunkten soll der Bogen der Bestandsbr\u00fccke nicht mehr belastet werden. [&hellip;]<\/p>\n","protected":false},"author":1,"featured_media":147,"parent":14,"menu_order":0,"comment_status":"closed","ping_status":"closed","template":"","meta":{"footnotes":""},"class_list":["post-23","page","type-page","status-publish","has-post-thumbnail","hentry"],"_links":{"self":[{"href":"https:\/\/moritz.creative-collective.de\/index.php?rest_route=\/wp\/v2\/pages\/23","targetHints":{"allow":["GET"]}}],"collection":[{"href":"https:\/\/moritz.creative-collective.de\/index.php?rest_route=\/wp\/v2\/pages"}],"about":[{"href":"https:\/\/moritz.creative-collective.de\/index.php?rest_route=\/wp\/v2\/types\/page"}],"author":[{"embeddable":true,"href":"https:\/\/moritz.creative-collective.de\/index.php?rest_route=\/wp\/v2\/users\/1"}],"replies":[{"embeddable":true,"href":"https:\/\/moritz.creative-collective.de\/index.php?rest_route=%2Fwp%2Fv2%2Fcomments&post=23"}],"version-history":[{"count":37,"href":"https:\/\/moritz.creative-collective.de\/index.php?rest_route=\/wp\/v2\/pages\/23\/revisions"}],"predecessor-version":[{"id":453,"href":"https:\/\/moritz.creative-collective.de\/index.php?rest_route=\/wp\/v2\/pages\/23\/revisions\/453"}],"up":[{"embeddable":true,"href":"https:\/\/moritz.creative-collective.de\/index.php?rest_route=\/wp\/v2\/pages\/14"}],"wp:featuredmedia":[{"embeddable":true,"href":"https:\/\/moritz.creative-collective.de\/index.php?rest_route=\/wp\/v2\/media\/147"}],"wp:attachment":[{"href":"https:\/\/moritz.creative-collective.de\/index.php?rest_route=%2Fwp%2Fv2%2Fmedia&parent=23"}],"curies":[{"name":"wp","href":"https:\/\/api.w.org\/{rel}","templated":true}]}}