{"id":25,"date":"2024-11-01T16:49:15","date_gmt":"2024-11-01T16:49:15","guid":{"rendered":"https:\/\/moritz.creative-collective.de\/?page_id=25"},"modified":"2024-12-17T20:00:23","modified_gmt":"2024-12-17T20:00:23","slug":"hort-oberloessnitz","status":"publish","type":"page","link":"https:\/\/moritz.creative-collective.de\/?page_id=25","title":{"rendered":"Hort Oberl\u00f6\u00dfnitz"},"content":{"rendered":"\n<div class=\"wp-block-group\"><div class=\"wp-block-group__inner-container is-layout-constrained wp-block-group-is-layout-constrained\">\n<h2 class=\"wp-block-heading seiten-heading\">Hort Oberl\u00f6\u00dfnitz<\/h2>\n\n\n<p class=\"seiten-subheading wp-block-site-tagline\">Unter\u00fcberschrift<\/p><\/div><\/div>\n\n\n\n<div class=\"wp-block-group cover-group\"><div class=\"wp-block-group__inner-container is-layout-constrained wp-block-group-is-layout-constrained\">\n<div class=\"wp-block-cover is-light cover\" style=\"min-height:607px;aspect-ratio:unset;\"><span aria-hidden=\"true\" class=\"wp-block-cover__background has-background-dim-0 has-background-dim\" style=\"background-color:#babeba\"><\/span><img loading=\"lazy\" decoding=\"async\" width=\"600\" height=\"450\" class=\"wp-block-cover__image-background wp-image-86\" alt=\"\" src=\"https:\/\/moritz.creative-collective.de\/wp-content\/uploads\/2024\/11\/hort.jpg\" data-object-fit=\"cover\" srcset=\"https:\/\/moritz.creative-collective.de\/wp-content\/uploads\/2024\/11\/hort.jpg 600w, https:\/\/moritz.creative-collective.de\/wp-content\/uploads\/2024\/11\/hort-300x225.jpg 300w\" sizes=\"auto, (max-width: 600px) 100vw, 600px\" \/><div class=\"wp-block-cover__inner-container is-layout-constrained wp-block-cover-is-layout-constrained\">\n<p class=\"has-text-align-center has-large-font-size\"><\/p>\n<\/div><\/div>\n<\/div><\/div>\n\n\n\n<div style=\"height:100px\" aria-hidden=\"true\" class=\"wp-block-spacer\"><\/div>\n\n\n\n<div class=\"wp-block-group\"><div class=\"wp-block-group__inner-container is-layout-constrained wp-block-group-is-layout-constrained\">\n<div class=\"wp-block-columns is-layout-flex wp-container-core-columns-is-layout-9d6595d7 wp-block-columns-is-layout-flex\">\n<div class=\"wp-block-column is-layout-flow wp-block-column-is-layout-flow\">\n<div class=\"wp-block-group stapel-left is-vertical is-layout-flex wp-container-core-group-is-layout-8cf370e7 wp-block-group-is-layout-flex\">\n<h4 class=\"wp-block-heading seiten-content-heading\">Entwurf<\/h4>\n\n\n\n<p class=\"content\">Die Umgebung ist durch eine kleinteilige Einfamilienhausbebauung, teils mit villenartiger Anmutung charakterisiert. Eine hohe Durchgr\u00fcnung mit vereinzelten gro\u00dfen Solit\u00e4rb\u00e4umen zeichnet den Stadtraum aus. Die Grundlage f\u00fcr die Einordnung des neuen Bauwerks bildete Auseinandersetzung mit dem Ort. Die \u201eVilla Wach\u201c als Blickpunkt und das noch vorhandene Torhaus werden zusammen mit der Otto-Buchwitz-Schule zueinander in Beziehung gesetzt. Der Blick von der Augustusstra\u00dfe auf die Villa, der unbedingt freigehalten werden sollte, bedingt, dass der Hortneubau senkrecht zum Hang gesetzt wird.<br><\/p>\n\n\n\n<div style=\"height:0px\" aria-hidden=\"true\" class=\"wp-block-spacer wp-container-content-6388d5dc\"><\/div>\n\n\n\n<div class=\"wp-block-columns is-layout-flex wp-container-core-columns-is-layout-9d6595d7 wp-block-columns-is-layout-flex\">\n<div class=\"wp-block-column is-layout-flow wp-block-column-is-layout-flow\" style=\"flex-basis:100%\">\n<figure class=\"wp-block-table is-style-stripes\"><table class=\"has-fixed-layout\"><tbody><tr><td><strong>Daten<\/strong><\/td><td><\/td><\/tr><tr><td>Ort:<\/td><td>Radebeul, Oberl\u00f6snitz<\/td><\/tr><tr><td>Architekten:<\/td><td>Kolb-Ripke Gesellschaft von Architekten mbH<\/td><\/tr><tr><td>Planungs- und Bauzeit:<\/td><td>1. Preis WB 05\/2017<\/td><\/tr><tr><td>Auftraggeber:<\/td><td>Stadt Radebeul<\/td><\/tr><tr><td>Nutzung:<\/td><td>Hort f\u00fcr 250 Kinder<\/td><\/tr><tr><td>Baukosten:<\/td><td>2.75mio \u20ac<\/td><\/tr><tr><td>Planungspartner:<\/td><td>Landschafts.Architektur Birgit Hammer<\/td><\/tr><tr><td>Beitrag:<\/td><td>Leitung des Wettbewerbs<\/td><\/tr><\/tbody><\/table><\/figure>\n<\/div>\n<\/div>\n<\/div>\n<\/div>\n\n\n\n<div class=\"wp-block-column is-layout-flow wp-block-column-is-layout-flow\">\n<div class=\"wp-block-group is-vertical is-layout-flex wp-container-core-group-is-layout-8cf370e7 wp-block-group-is-layout-flex\"><div class=\"wp-block-image\">\n<figure class=\"alignright size-full is-resized\"><img loading=\"lazy\" decoding=\"async\" width=\"341\" height=\"220\" src=\"https:\/\/moritz.creative-collective.de\/wp-content\/uploads\/2024\/11\/hort-2.jpg\" alt=\"\" class=\"wp-image-258\" style=\"width:388px;height:auto\" srcset=\"https:\/\/moritz.creative-collective.de\/wp-content\/uploads\/2024\/11\/hort-2.jpg 341w, https:\/\/moritz.creative-collective.de\/wp-content\/uploads\/2024\/11\/hort-2-300x194.jpg 300w\" sizes=\"auto, (max-width: 341px) 100vw, 341px\" \/><\/figure>\n<\/div>\n\n\n<div style=\"height:60px\" aria-hidden=\"true\" class=\"wp-block-spacer wp-container-content-1cacd481\"><\/div>\n\n\n<div class=\"wp-block-image\">\n<figure class=\"alignright size-full is-resized\"><img loading=\"lazy\" decoding=\"async\" width=\"268\" height=\"295\" src=\"https:\/\/moritz.creative-collective.de\/wp-content\/uploads\/2024\/11\/hort-3.jpg\" alt=\"\" class=\"wp-image-259\" style=\"width:340px;height:auto\"\/><\/figure>\n<\/div><\/div>\n<\/div>\n<\/div>\n<\/div><\/div>\n\n\n\n<div style=\"height:50px\" aria-hidden=\"true\" class=\"wp-block-spacer\"><\/div>\n\n\n\n<div class=\"wp-block-group\"><div class=\"wp-block-group__inner-container is-layout-constrained wp-block-group-is-layout-constrained\">\n<div class=\"wp-block-columns is-layout-flex wp-container-core-columns-is-layout-9d6595d7 wp-block-columns-is-layout-flex\">\n<div class=\"wp-block-column is-layout-flow wp-block-column-is-layout-flow\"><div class=\"wp-block-image\">\n<figure class=\"alignleft size-full is-resized\"><img loading=\"lazy\" decoding=\"async\" width=\"377\" height=\"351\" src=\"https:\/\/moritz.creative-collective.de\/wp-content\/uploads\/2024\/11\/hort-4.jpg\" alt=\"\" class=\"wp-image-271\" style=\"width:360px;height:auto\" srcset=\"https:\/\/moritz.creative-collective.de\/wp-content\/uploads\/2024\/11\/hort-4.jpg 377w, https:\/\/moritz.creative-collective.de\/wp-content\/uploads\/2024\/11\/hort-4-300x279.jpg 300w\" sizes=\"auto, (max-width: 377px) 100vw, 377px\" \/><\/figure>\n<\/div><\/div>\n\n\n\n<div class=\"wp-block-column is-layout-flow wp-block-column-is-layout-flow\"><div class=\"wp-block-image\">\n<figure class=\"alignright size-full is-resized\"><img loading=\"lazy\" decoding=\"async\" width=\"352\" height=\"247\" src=\"https:\/\/moritz.creative-collective.de\/wp-content\/uploads\/2024\/11\/hort-5.jpg\" alt=\"\" class=\"wp-image-272\" style=\"width:432px;height:auto\" srcset=\"https:\/\/moritz.creative-collective.de\/wp-content\/uploads\/2024\/11\/hort-5.jpg 352w, https:\/\/moritz.creative-collective.de\/wp-content\/uploads\/2024\/11\/hort-5-300x211.jpg 300w\" sizes=\"auto, (max-width: 352px) 100vw, 352px\" \/><\/figure>\n<\/div><\/div>\n<\/div>\n<\/div><\/div>\n\n\n\n<div style=\"height:50px\" aria-hidden=\"true\" class=\"wp-block-spacer\"><\/div>\n\n\n\n<p class=\"content\">Durch seine Anordnung \u00f6stlich der Otto Buchwitz-Schule bildet sich ein gemeinsamer Au\u00dfenraum, der von beiden Einrichtungen als \u201eGartenhof\u201c genutzt werden kann. Ein kurzer eingeschossiger Seitenfl\u00fcgel bildet den Abschluss des Gartenhofs. Das alte Torhaus spielt als Relikt eine sehr wichtige Rolle und sollte nach Ansicht des Verfassers unbedingt erhalten werden. Es k\u00f6nnte weiterhin als Jugendclub genutzt werden, besser w\u00e4re aber eine Einbindung als \u201eGartenhaus\u201c f\u00fcr den Hort mit einer Nutzung als .ausgelagerter Lernraum f\u00fcr Biologie und Gartenbau.<\/p>\n\n\n\n<div style=\"height:100px\" aria-hidden=\"true\" class=\"wp-block-spacer\"><\/div>\n\n\n\n<div class=\"wp-block-group\"><div class=\"wp-block-group__inner-container is-layout-constrained wp-block-group-is-layout-constrained\">\n<div class=\"wp-block-cover is-light\" style=\"min-height:167px;aspect-ratio:unset;\"><span aria-hidden=\"true\" class=\"wp-block-cover__background has-background-dim-0 has-background-dim\" style=\"background-color:#eaebe5\"><\/span><img loading=\"lazy\" decoding=\"async\" width=\"727\" height=\"143\" class=\"wp-block-cover__image-background wp-image-277\" alt=\"\" src=\"https:\/\/moritz.creative-collective.de\/wp-content\/uploads\/2024\/11\/hort-6.jpg\" data-object-fit=\"cover\" srcset=\"https:\/\/moritz.creative-collective.de\/wp-content\/uploads\/2024\/11\/hort-6.jpg 727w, https:\/\/moritz.creative-collective.de\/wp-content\/uploads\/2024\/11\/hort-6-300x59.jpg 300w\" sizes=\"auto, (max-width: 727px) 100vw, 727px\" \/><div class=\"wp-block-cover__inner-container is-layout-constrained wp-block-cover-is-layout-constrained\">\n<p class=\"has-text-align-center has-large-font-size\"><\/p>\n<\/div><\/div>\n<\/div><\/div>\n","protected":false},"excerpt":{"rendered":"<p>Hort Oberl\u00f6\u00dfnitz Entwurf Die Umgebung ist durch eine kleinteilige Einfamilienhausbebauung, teils mit villenartiger Anmutung charakterisiert. Eine hohe Durchgr\u00fcnung mit vereinzelten gro\u00dfen Solit\u00e4rb\u00e4umen zeichnet den Stadtraum aus. Die Grundlage f\u00fcr die Einordnung des neuen Bauwerks bildete Auseinandersetzung mit dem Ort. Die \u201eVilla Wach\u201c als Blickpunkt und das noch vorhandene Torhaus werden zusammen mit der Otto-Buchwitz-Schule zueinander [&hellip;]<\/p>\n","protected":false},"author":1,"featured_media":86,"parent":14,"menu_order":0,"comment_status":"closed","ping_status":"closed","template":"","meta":{"footnotes":""},"class_list":["post-25","page","type-page","status-publish","has-post-thumbnail","hentry"],"_links":{"self":[{"href":"https:\/\/moritz.creative-collective.de\/index.php?rest_route=\/wp\/v2\/pages\/25","targetHints":{"allow":["GET"]}}],"collection":[{"href":"https:\/\/moritz.creative-collective.de\/index.php?rest_route=\/wp\/v2\/pages"}],"about":[{"href":"https:\/\/moritz.creative-collective.de\/index.php?rest_route=\/wp\/v2\/types\/page"}],"author":[{"embeddable":true,"href":"https:\/\/moritz.creative-collective.de\/index.php?rest_route=\/wp\/v2\/users\/1"}],"replies":[{"embeddable":true,"href":"https:\/\/moritz.creative-collective.de\/index.php?rest_route=%2Fwp%2Fv2%2Fcomments&post=25"}],"version-history":[{"count":38,"href":"https:\/\/moritz.creative-collective.de\/index.php?rest_route=\/wp\/v2\/pages\/25\/revisions"}],"predecessor-version":[{"id":459,"href":"https:\/\/moritz.creative-collective.de\/index.php?rest_route=\/wp\/v2\/pages\/25\/revisions\/459"}],"up":[{"embeddable":true,"href":"https:\/\/moritz.creative-collective.de\/index.php?rest_route=\/wp\/v2\/pages\/14"}],"wp:featuredmedia":[{"embeddable":true,"href":"https:\/\/moritz.creative-collective.de\/index.php?rest_route=\/wp\/v2\/media\/86"}],"wp:attachment":[{"href":"https:\/\/moritz.creative-collective.de\/index.php?rest_route=%2Fwp%2Fv2%2Fmedia&parent=25"}],"curies":[{"name":"wp","href":"https:\/\/api.w.org\/{rel}","templated":true}]}}